{"id":9044,"date":"2024-05-02T19:39:17","date_gmt":"2024-05-02T19:39:17","guid":{"rendered":"https:\/\/theory.esm.rochester.edu\/integral\/36-2023-copy\/"},"modified":"2024-07-13T22:00:43","modified_gmt":"2024-07-13T22:00:43","slug":"37-2024","status":"publish","type":"page","link":"https:\/\/theory.esm.rochester.edu\/integral\/37-2024\/","title":{"rendered":"Volume 37 (Current Volume)"},"content":{"rendered":"\n<h3 class=\"wp-block-heading\">Andrew Blake, Jacob Eichhorn, Robert Hamilton, Lukas Perry, Co-Editors<br>Hanisha Kulothparan, Reviews Editor<br>Andrew Blake and Ruixue Hu, Web Managers<\/h3>\n\n\n\n<h4 class=\"wp-block-heading\"><strong><a href=\"https:\/\/drive.google.com\/file\/d\/1MsbncEb8cDwvCTPgoAJ7ncyACyzysflY\/view?usp=drive_link\" data-type=\"URL\" data-id=\"https:\/\/drive.google.com\/file\/d\/1MsbncEb8cDwvCTPgoAJ7ncyACyzysflY\/view?usp=drive_link\">Complete Volume<\/a><\/strong><\/h4>\n\n\n\n<div style=\"height:32px\" aria-hidden=\"true\" class=\"wp-block-spacer\"><\/div>\n\n\n\n<p>Editors&#8217; Note (i)<br><a href=\"https:\/\/theory.esm.rochester.edu\/integral\/37-2024\/note\/\" data-type=\"page\">HTML<\/a> &amp; <a href=\"https:\/\/theory.esm.rochester.edu\/integral\/37-2024\/37-note\" data-type=\"page\">PDF<\/a><\/p>\n\n\n\n<h2 class=\"wp-block-heading\"><strong>Articles<\/strong><\/h2>\n\n\n\n<p>Andrew Aziz | Tonal Rumble: Simultaneous and Successive Bitonality in <em>West Side Story<\/em> (1\u201327)<br><a href=\"https:\/\/theory.esm.rochester.edu\/integral\/37-2024\/aziz\" data-type=\"URL\" data-id=\"https:\/\/theory.esm.rochester.edu\/integral\/37-2024\/aziz\">HTML<\/a> &amp; <a href=\"https:\/\/theory.esm.rochester.edu\/integral\/37-2024\/37-aziz\/\" data-type=\"URL\" data-id=\"https:\/\/theory.esm.rochester.edu\/integral\/37-2024\/37-aziz\/\">PDF<\/a> \u2014\u2014<span id=\"su_tooltip_69d7f6dede2d2_button\" class=\"su-tooltip-button su-tooltip-button-outline-yes\" aria-describedby=\"su_tooltip_69d7f6dede2d2\" data-settings='{\"position\":\"right\",\"behavior\":\"hover\",\"hideDelay\":0}' tabindex=\"0\"><strong><em>Abstract<\/em><\/strong><\/span><span style=\"display:none;z-index:100\" id=\"su_tooltip_69d7f6dede2d2\" class=\"su-tooltip\" role=\"tooltip\"><span class=\"su-tooltip-inner su-tooltip-shadow-yes\" style=\"z-index:100;background:#FFFFFF;color:#454545;font-size:16px;border-radius:5px;text-align:left;max-width:300px;line-height:1.25\"><span class=\"su-tooltip-title\"><\/span><span class=\"su-tooltip-content su-u-trim\">This article offers original listening strategies for two dimensions of bitonality featured in&nbsp;<em>West Side Story<\/em>, both implied (but not defined) in Bernstein\u2019s writings (1959, 1976): \u201csimultaneous,\u201d or the vertical superimposition of clashing strata, and \u201csuccessive,\u201d in which non-stratified tonal events generate tonally ambiguous environments, suggesting more than one key. Bernstein\u2019s compositional strategies align with the plot\u2019s trajectory: successive bitonality appears when the gangs stalk each other at a distance (centrally in \u201cPrologue,\u201d \u201cDance at the Gym Blues,\u201d and \u201cMaria\u201d), with simultaneous bitonality capturing their fateful clash (centrally in \u201cQuintet\u201d and \u201cTonal Rumble\u201d). Throughout, the analyses apply contemporary theories of tonal transformation (Kaminsky 2004, Rings 2011), scalar dissonance (Martins 2019), and harmonic \u201cdivorce\u201d (Temperley 2007, Nobile 2015, De Clercq 2019), amongst others. Finally, I summarize that octatonicism in&nbsp;<em>West Side Story<\/em>&nbsp;is best contextualized as a processual byproduct of tonal relations, with the seeds sewn in \u201cPrologue.\u201d<\/span><\/span><span id=\"su_tooltip_69d7f6dede2d2_arrow\" class=\"su-tooltip-arrow\" style=\"z-index:100;background:#FFFFFF\" data-popper-arrow><\/span><\/span>\n\n\n\n<p>Matthew Bilik | Key Duality and Melody-Bass Disjunction in Faur\u00e9 and Durufl\u00e9 (28\u201348)<br><a href=\"https:\/\/theory.esm.rochester.edu\/integral\/37-2024\/bilik\" data-type=\"URL\" data-id=\"https:\/\/theory.esm.rochester.edu\/integral\/37-2024\/bilik\">HTML<\/a> &amp; <a href=\"https:\/\/theory.esm.rochester.edu\/integral\/37-2024\/37-bilik\/\" data-type=\"URL\" data-id=\"https:\/\/theory.esm.rochester.edu\/integral\/37-2024\/37-bilik\/\">PDF<\/a> \u2014\u2014<span id=\"su_tooltip_69d7f6dede3f1_button\" class=\"su-tooltip-button su-tooltip-button-outline-yes\" aria-describedby=\"su_tooltip_69d7f6dede3f1\" data-settings='{\"position\":\"right\",\"behavior\":\"hover\",\"hideDelay\":0}' tabindex=\"0\"><strong><em>Abstract<\/em><\/strong><\/span><span style=\"display:none;z-index:100\" id=\"su_tooltip_69d7f6dede3f1\" class=\"su-tooltip\" role=\"tooltip\"><span class=\"su-tooltip-inner su-tooltip-shadow-yes\" style=\"z-index:100;background:#FFFFFF;color:#454545;font-size:16px;border-radius:5px;text-align:left;max-width:300px;line-height:1.25\"><span class=\"su-tooltip-title\"><\/span><span class=\"su-tooltip-content su-u-trim\">This paper explicates how the sensation of two active keys, known as key duality or tonal pairing, often results as disjunction between the melody and bass in the music of Gabriel Faur\u00e9 and Maurice Durufl\u00e9. In Faur\u00e9\u2019s late chamber works, a distinct type of key duality arises not as a juxtaposition of two keys but from the superposition of two. Faur\u00e9\u2019s use of key duality is mirrored by other twentieth-century French composers; Durufl\u00e9 echoes a similar type of duality, albeit to a greater extent. Employing motivic segmentation and voice-leading analysis, I adapt the research of Peter Smith (1997 and 2013), Kaminsky (2004), and Ferrandino (2022), among others, to illustrate how the sensation of two tonal centers emerges when the tonal outline of a melody or bass projects its own center separate from that of other voices. Attention to outer voices sheds light on Faur\u00e9 and Durufl\u00e9\u2019s tonal sleight of hand\u2014a topic many have noticed but few have illuminated.<\/span><\/span><span id=\"su_tooltip_69d7f6dede3f1_arrow\" class=\"su-tooltip-arrow\" style=\"z-index:100;background:#FFFFFF\" data-popper-arrow><\/span><\/span>\n\n\n\n<p>Gabriel Fankhauser | Displaced Cadential Six-Four Chords (49\u201370)<br><a href=\"https:\/\/theory.esm.rochester.edu\/integral\/37-2024\/fankhauser\" data-type=\"URL\" data-id=\"https:\/\/theory.esm.rochester.edu\/integral\/37-2024\/fankhauser\">HTML<\/a> &amp; <a href=\"https:\/\/theory.esm.rochester.edu\/integral\/37-2024\/37-fankhauser\/\" data-type=\"URL\" data-id=\"https:\/\/theory.esm.rochester.edu\/integral\/37-2024\/37-fankhauser\/\">PDF<\/a> \u2014\u2014<span id=\"su_tooltip_69d7f6dede47b_button\" class=\"su-tooltip-button su-tooltip-button-outline-yes\" aria-describedby=\"su_tooltip_69d7f6dede47b\" data-settings='{\"position\":\"right\",\"behavior\":\"hover\",\"hideDelay\":0}' tabindex=\"0\"><strong><em>Abstract<\/em><\/strong><\/span><span style=\"display:none;z-index:100\" id=\"su_tooltip_69d7f6dede47b\" class=\"su-tooltip\" role=\"tooltip\"><span class=\"su-tooltip-inner su-tooltip-shadow-yes\" style=\"z-index:100;background:#FFFFFF;color:#454545;font-size:16px;border-radius:5px;text-align:left;max-width:300px;line-height:1.25\"><span class=\"su-tooltip-title\"><\/span><span class=\"su-tooltip-content su-u-trim\">Building on research into the efficacy of inverted cadential six-four chords, this article proposes that some unconventional harmonies function as cadential six-fours. Considering a cadential six-four chord\u2019s syntactical role more than its surface harmony or voice leading, this article identifies remarkable treatments that defy traditional analysis. Some examples of chromatically displaced cadential six-four chords seem harmonically strange yet continue to support underlying conventional function. As a result, a conflict forms between a chord\u2019s grammatical clarity or syntax (the function of the chord in a progression) and its morphology (the chord\u2019s pitch content and vertical arrangement). Analysis of excerpts from diverse styles\u2014including examples from Wagner, Brahms, the Beatles, and the Eagles\u2014illustrates how alterations of the cadential six-four chord help maintain its relevance in post-Classical music. More notable displacement in music by Liszt, Prokofiev, and Shostakovich exhibit idiomatic usage that intertwines conventional syntax and structure with innovative grammar and expression.<\/span><\/span><span id=\"su_tooltip_69d7f6dede47b_arrow\" class=\"su-tooltip-arrow\" style=\"z-index:100;background:#FFFFFF\" data-popper-arrow><\/span><\/span>\n\n\n\n<h2 class=\"wp-block-heading\"><strong>Analytical Vignette<\/strong><\/h2>\n\n\n\n<p>Zachary Lloyd | The Lydian Mode and its Narrative Implications in Tesori\/Thompson\u2019s Blue (2019) (71\u201380)<br><a href=\"https:\/\/theory.esm.rochester.edu\/integral\/37-2024\/lloyd\/\" data-type=\"page\" data-id=\"9049\">HTML<\/a> &amp; <a href=\"https:\/\/theory.esm.rochester.edu\/integral\/37-2024\/37-lloyd\/\" data-type=\"URL\" data-id=\"https:\/\/theory.esm.rochester.edu\/integral\/37-2024\/37-lloyd\/\">PDF<\/a> \u2014\u2014<span id=\"su_tooltip_69d7f6dede524_button\" class=\"su-tooltip-button su-tooltip-button-outline-yes\" aria-describedby=\"su_tooltip_69d7f6dede524\" data-settings='{\"position\":\"right\",\"behavior\":\"hover\",\"hideDelay\":0}' tabindex=\"0\"><strong><em>Abstract<\/em><\/strong><\/span><span style=\"display:none;z-index:100\" id=\"su_tooltip_69d7f6dede524\" class=\"su-tooltip\" role=\"tooltip\"><span class=\"su-tooltip-inner su-tooltip-shadow-yes\" style=\"z-index:100;background:#FFFFFF;color:#454545;font-size:16px;border-radius:5px;text-align:left;max-width:300px;line-height:1.25\"><span class=\"su-tooltip-title\"><\/span><span class=\"su-tooltip-content su-u-trim\">In Blue, Jeanine Tesori and Tazewell Thompson\u2019s 2019 opera, a celebration of birth turns to the mourning of a teen\u2019s senseless murder. Exploring the complexities of a shared Black experience in the wake of the Black Lives Matter movement, Blue focuses on a family whose son loses his life at the hands of his Father\u2019s police officer colleague. While the score moves through various tonal spaces over the course of the opera, I examine Tesori\u2019s specific use of the Lydian mode and the narrative implications that this mode\u2019s usage carries. In Blue, the Lydian mode evokes extramusical associations with the supernatural, transcendence, and \u201csorrowful joy\u201d demonstrating the possibility of a subtextual narrative reading in which the thoughts and desires expressed at the moment of the Lydian mode\u2019s emergence will later be rendered impossible.<\/span><\/span><span id=\"su_tooltip_69d7f6dede524_arrow\" class=\"su-tooltip-arrow\" style=\"z-index:100;background:#FFFFFF\" data-popper-arrow><\/span><\/span>\n\n\n\n<h2 class=\"wp-block-heading\"><strong>Reviews<\/strong><\/h2>\n\n\n\n<p>Stefanie Bilidas |<em> <em>Focal Impulse Theory: Musical Expression, Meter, and the Body<\/em> <\/em>by John Paul Ito, Indiana University Press, 202<em>0<\/em> (81\u201385)<br><a href=\"https:\/\/theory.esm.rochester.edu\/integral\/37-2024\/bilidas\" data-type=\"URL\" data-id=\"https:\/\/theory.esm.rochester.edu\/integral\/37-2024\/bilidas\">HTML<\/a> &amp; <a href=\"https:\/\/theory.esm.rochester.edu\/integral\/37-2024\/37-bilidas\/\" data-type=\"URL\" data-id=\"https:\/\/theory.esm.rochester.edu\/integral\/37-2024\/37-bilidas\/\">PDF<\/a><\/p>\n\n\n\n<p>Victoria Malawey | <em>Time\u2019s A-Changin\u2019: Flexible Meter as Self-Expression in Singer-Songwriter Music<\/em> by Nancy Murphy, Oxford University Press, 2023 (86\u201390)<br><a href=\"https:\/\/theory.esm.rochester.edu\/integral\/37-2024\/malawey\" data-type=\"URL\" data-id=\"https:\/\/theory.esm.rochester.edu\/integral\/37-2024\/malawey\">HTML<\/a> &amp; <a href=\"https:\/\/theory.esm.rochester.edu\/integral\/37-2024\/37-malawey\/\" data-type=\"page\" data-id=\"9547\">PDF<\/a><\/p>\n","protected":false},"excerpt":{"rendered":"<p>Andrew Blake, Jacob Eichhorn, Robert Hamilton, Lukas Perry, Co-EditorsHanisha Kulothparan, Reviews EditorAndrew Blake and Ruixue Hu, Web Managers Complete Volume Editors&#8217; Note (i)HTML &amp; PDF Articles Andrew Aziz | Tonal Rumble: Simultaneous and Successive Bitonality in West Side Story (1\u201327)HTML &amp; PDF \u2014\u2014 Matthew Bilik | Key Duality and Melody-Bass Disjunction in Faur\u00e9 and Durufl\u00e9 &hellip; <\/p>\n<p class=\"link-more\"><a href=\"https:\/\/theory.esm.rochester.edu\/integral\/37-2024\/\" class=\"more-link\">Continue reading<span class=\"screen-reader-text\"> &#8220;Volume 37 (Current Volume)&#8221;<\/span><\/a><\/p>\n","protected":false},"author":19,"featured_media":0,"parent":0,"menu_order":0,"comment_status":"closed","ping_status":"closed","template":"","meta":{"_oasis_is_in_workflow":0,"_oasis_original":0,"_exactmetrics_skip_tracking":false,"_exactmetrics_sitenote_active":false,"_exactmetrics_sitenote_note":"","_exactmetrics_sitenote_category":0,"footnotes":""},"class_list":["post-9044","page","type-page","status-publish","hentry"],"_links":{"self":[{"href":"https:\/\/theory.esm.rochester.edu\/integral\/wp-json\/wp\/v2\/pages\/9044","targetHints":{"allow":["GET"]}}],"collection":[{"href":"https:\/\/theory.esm.rochester.edu\/integral\/wp-json\/wp\/v2\/pages"}],"about":[{"href":"https:\/\/theory.esm.rochester.edu\/integral\/wp-json\/wp\/v2\/types\/page"}],"author":[{"embeddable":true,"href":"https:\/\/theory.esm.rochester.edu\/integral\/wp-json\/wp\/v2\/users\/19"}],"replies":[{"embeddable":true,"href":"https:\/\/theory.esm.rochester.edu\/integral\/wp-json\/wp\/v2\/comments?post=9044"}],"version-history":[{"count":16,"href":"https:\/\/theory.esm.rochester.edu\/integral\/wp-json\/wp\/v2\/pages\/9044\/revisions"}],"predecessor-version":[{"id":9608,"href":"https:\/\/theory.esm.rochester.edu\/integral\/wp-json\/wp\/v2\/pages\/9044\/revisions\/9608"}],"wp:attachment":[{"href":"https:\/\/theory.esm.rochester.edu\/integral\/wp-json\/wp\/v2\/media?parent=9044"}],"curies":[{"name":"wp","href":"https:\/\/api.w.org\/{rel}","templated":true}]}}